{"id":895,"date":"2022-01-24T14:07:16","date_gmt":"2022-01-24T13:07:16","guid":{"rendered":"https:\/\/sites.ac-nancy-metz.fr\/upe2a-jules-ferry-woippy\/?page_id=895"},"modified":"2023-08-23T16:05:03","modified_gmt":"2023-08-23T14:05:03","slug":"les-determinants-possessifs","status":"publish","type":"page","link":"https:\/\/sites.ac-nancy-metz.fr\/upe2a-jules-ferry-woippy\/?page_id=895","title":{"rendered":"Les d\u00e9terminants possessifs"},"content":{"rendered":"<p>Avant de commencer les exercices, je te propose de visionner\u00a0<a href=\"https:\/\/lesfondamentaux.reseau-canope.fr\/video\/francais\/grammaire\/les-determinants\/les-determinants-possessifs\" target=\"_blank\" rel=\"noopener\">cette vid\u00e9o<\/a>\u00a0CANOPE qui pr\u00e9sente les d\u00e9terminants possessifs et explique \u00e0 quoi ils servent.<\/p>\n<h6>Exercices d&rsquo;entra\u00eenement<\/h6>\n<p><a href=\"https:\/\/learningapps.org\/display?v=pt1fmm7p318\" target=\"_blank\" rel=\"noopener\">Regroupement &#8211; Masculin \/ F\u00e9minin \/ Pluriel<\/a><\/p>\n<p><a href=\"https:\/\/learningapps.org\/display?v=p1jt4nu1v20\" target=\"_blank\" rel=\"noopener\">Regroupement &#8211; Mon \/ Ma \/ Mes<\/a><\/p>\n<p><a href=\"https:\/\/learningapps.org\/display?v=p7f44iuk320\" target=\"_blank\" rel=\"noopener\">Texte \u00e0 trous &#8211; Invitation \u00e0 mon anniversaire<\/a><\/p>\n<p><a href=\"https:\/\/learningapps.org\/display?v=pnbkgi3k319\" target=\"_blank\" rel=\"noopener\">Texte \u00e0 trous &#8211; propositions<\/a><\/p>\n<p><a href=\"https:\/\/learningapps.org\/display?v=p5wcghikj20\" target=\"_blank\" rel=\"noopener\">Cartes avec r\u00e9ponses \u00e0 \u00e9crire<\/a><\/p>\n<p><a href=\"https:\/\/learningapps.org\/display?v=p23ujpkta20\" target=\"_blank\" rel=\"noopener\">Texte \u00e0 trous (1)<\/a><\/p>\n<p><a href=\"https:\/\/learningapps.org\/display?v=pxbr3ik9k16\" target=\"_blank\" rel=\"noopener\">Texte \u00e0 trous (2)<\/a><\/p>\n<p><a href=\"https:\/\/learningapps.org\/display?v=p201fcw1521\" target=\"_blank\" rel=\"noopener\">Texte \u00e0 trous (3)<\/a><\/p>\n","protected":false},"excerpt":{"rendered":"<p>Avant de commencer les exercices, je te propose de visionner\u00a0cette vid\u00e9o\u00a0CANOPE qui pr\u00e9sente les d\u00e9terminants possessifs et explique \u00e0 quoi ils servent. Exercices d&rsquo;entra\u00eenement Regroupement &#8211; Masculin \/ F\u00e9minin \/ Pluriel Regroupement &#8211; Mon \/ Ma \/ Mes Texte \u00e0 trous &#8211; Invitation \u00e0 mon anniversaire Texte \u00e0 trous &#8211; propositions Cartes avec r\u00e9ponses \u00e0 &hellip; <\/p>\n<p class=\"link-more\"><a href=\"https:\/\/sites.ac-nancy-metz.fr\/upe2a-jules-ferry-woippy\/?page_id=895\" class=\"more-link\">Continuer la lecture<span class=\"screen-reader-text\"> de &laquo;&nbsp;Les d\u00e9terminants possessifs&nbsp;&raquo;<\/span><\/a><\/p>\n","protected":false},"author":4,"featured_media":0,"parent":0,"menu_order":0,"comment_status":"closed","ping_status":"closed","template":"","meta":{"footnotes":""},"_links":{"self":[{"href":"https:\/\/sites.ac-nancy-metz.fr\/upe2a-jules-ferry-woippy\/index.php?rest_route=\/wp\/v2\/pages\/895"}],"collection":[{"href":"https:\/\/sites.ac-nancy-metz.fr\/upe2a-jules-ferry-woippy\/index.php?rest_route=\/wp\/v2\/pages"}],"about":[{"href":"https:\/\/sites.ac-nancy-metz.fr\/upe2a-jules-ferry-woippy\/index.php?rest_route=\/wp\/v2\/types\/page"}],"author":[{"embeddable":true,"href":"https:\/\/sites.ac-nancy-metz.fr\/upe2a-jules-ferry-woippy\/index.php?rest_route=\/wp\/v2\/users\/4"}],"replies":[{"embeddable":true,"href":"https:\/\/sites.ac-nancy-metz.fr\/upe2a-jules-ferry-woippy\/index.php?rest_route=%2Fwp%2Fv2%2Fcomments&post=895"}],"version-history":[{"count":5,"href":"https:\/\/sites.ac-nancy-metz.fr\/upe2a-jules-ferry-woippy\/index.php?rest_route=\/wp\/v2\/pages\/895\/revisions"}],"predecessor-version":[{"id":1138,"href":"https:\/\/sites.ac-nancy-metz.fr\/upe2a-jules-ferry-woippy\/index.php?rest_route=\/wp\/v2\/pages\/895\/revisions\/1138"}],"wp:attachment":[{"href":"https:\/\/sites.ac-nancy-metz.fr\/upe2a-jules-ferry-woippy\/index.php?rest_route=%2Fwp%2Fv2%2Fmedia&parent=895"}],"curies":[{"name":"wp","href":"https:\/\/api.w.org\/{rel}","templated":true}]}}