{"id":899,"date":"2022-02-04T13:59:40","date_gmt":"2022-02-04T12:59:40","guid":{"rendered":"https:\/\/sites.ac-nancy-metz.fr\/upe2a-jules-ferry-woippy\/?page_id=899"},"modified":"2023-08-23T16:20:13","modified_gmt":"2023-08-23T14:20:13","slug":"les-jeux-olympiques-dhiver","status":"publish","type":"page","link":"https:\/\/sites.ac-nancy-metz.fr\/upe2a-jules-ferry-woippy\/?page_id=899","title":{"rendered":"Les Jeux Olympiques d&rsquo;hiver"},"content":{"rendered":"<p>Les Jeux Olympiques d&rsquo;hiver 2022 se d\u00e9roulent du\u00a04 f\u00e9vrier 2022 au 20 f\u00e9vrier 2022 \u00e0 P\u00e9kin.<\/p>\n<p><a href=\"https:\/\/learningapps.org\/1889806\" target=\"_blank\" rel=\"noopener\">Mots cach\u00e9s<\/a><\/p>\n<p><a href=\"https:\/\/learningapps.org\/23167263\" target=\"_blank\" rel=\"noopener\">Mots m\u00eal\u00e9s <\/a><\/p>\n<p><a href=\"https:\/\/learningapps.org\/display?v=pp2e9nah223\" target=\"_blank\" rel=\"noopener\">Sports &#8211; Associe photo et pictogramme<\/a><\/p>\n<p><a href=\"https:\/\/learningapps.org\/display?v=pkwuad24k22&amp;fbclid=IwAR1DeP82BVCl5VNwHYICoyFIlLLyKIPy8GTboAo40ee8w4Z7A0TCe2oWwJQ\" target=\"_blank\" rel=\"noopener\">Sport de neige ou sport de glace ?<\/a><\/p>\n<p><a href=\"https:\/\/francais.lingolia.com\/fr\/vocabulaire\/sport\/jeux-olympiques-hiver\" target=\"_blank\" rel=\"noopener\">Vocabulaire et lecture<\/a><\/p>\n<p><a href=\"https:\/\/dictee.tv5monde.com\/dictee\/jeux-divers\/demarrer\" target=\"_blank\" rel=\"noopener\">Dict\u00e9e Archibald<\/a><\/p>\n","protected":false},"excerpt":{"rendered":"<p>Les Jeux Olympiques d&rsquo;hiver 2022 se d\u00e9roulent du\u00a04 f\u00e9vrier 2022 au 20 f\u00e9vrier 2022 \u00e0 P\u00e9kin. Mots cach\u00e9s Mots m\u00eal\u00e9s Sports &#8211; Associe photo et pictogramme Sport de neige ou sport de glace ? Vocabulaire et lecture Dict\u00e9e Archibald<\/p>\n","protected":false},"author":4,"featured_media":0,"parent":0,"menu_order":0,"comment_status":"closed","ping_status":"closed","template":"","meta":{"footnotes":""},"_links":{"self":[{"href":"https:\/\/sites.ac-nancy-metz.fr\/upe2a-jules-ferry-woippy\/index.php?rest_route=\/wp\/v2\/pages\/899"}],"collection":[{"href":"https:\/\/sites.ac-nancy-metz.fr\/upe2a-jules-ferry-woippy\/index.php?rest_route=\/wp\/v2\/pages"}],"about":[{"href":"https:\/\/sites.ac-nancy-metz.fr\/upe2a-jules-ferry-woippy\/index.php?rest_route=\/wp\/v2\/types\/page"}],"author":[{"embeddable":true,"href":"https:\/\/sites.ac-nancy-metz.fr\/upe2a-jules-ferry-woippy\/index.php?rest_route=\/wp\/v2\/users\/4"}],"replies":[{"embeddable":true,"href":"https:\/\/sites.ac-nancy-metz.fr\/upe2a-jules-ferry-woippy\/index.php?rest_route=%2Fwp%2Fv2%2Fcomments&post=899"}],"version-history":[{"count":3,"href":"https:\/\/sites.ac-nancy-metz.fr\/upe2a-jules-ferry-woippy\/index.php?rest_route=\/wp\/v2\/pages\/899\/revisions"}],"predecessor-version":[{"id":1146,"href":"https:\/\/sites.ac-nancy-metz.fr\/upe2a-jules-ferry-woippy\/index.php?rest_route=\/wp\/v2\/pages\/899\/revisions\/1146"}],"wp:attachment":[{"href":"https:\/\/sites.ac-nancy-metz.fr\/upe2a-jules-ferry-woippy\/index.php?rest_route=%2Fwp%2Fv2%2Fmedia&parent=899"}],"curies":[{"name":"wp","href":"https:\/\/api.w.org\/{rel}","templated":true}]}}