{"id":909,"date":"2022-02-22T10:42:57","date_gmt":"2022-02-22T09:42:57","guid":{"rendered":"https:\/\/sites.ac-nancy-metz.fr\/upe2a-jules-ferry-woippy\/?page_id=909"},"modified":"2023-08-23T15:59:05","modified_gmt":"2023-08-23T13:59:05","slug":"la-phrase-negative","status":"publish","type":"page","link":"https:\/\/sites.ac-nancy-metz.fr\/upe2a-jules-ferry-woippy\/?page_id=909","title":{"rendered":"La phrase n\u00e9gative"},"content":{"rendered":"<p>Pour commencer, voici une\u00a0<a href=\"https:\/\/lesfondamentaux.reseau-canope.fr\/video\/francais\/grammaire\/types-et-formes-de-phrases\/la-phrase-negative\" target=\"_blank\" rel=\"noopener\">vid\u00e9o CANOPE<\/a>\u00a0qui explique comment reconna\u00eetre une phrase \u00e0 la forme n\u00e9gative.<\/p>\n<h5>Exercices d&rsquo;entra\u00eenement<\/h5>\n<p><a href=\"https:\/\/learningapps.org\/display?v=p65vwihbn16\" target=\"_blank\" rel=\"noopener\">Associer phrase &#8211; image<\/a><\/p>\n<p><a href=\"https:\/\/learningapps.org\/display?v=pomoqsdc520\" target=\"_blank\" rel=\"noopener\">Texte \u00e0 trous &#8211; Compl\u00e9ter avec ne \/ n&rsquo; \/ pas<\/a><\/p>\n<p><a href=\"https:\/\/learningapps.org\/display?v=pkmoi8hhc20\" target=\"_blank\" rel=\"noopener\">Oral &#8211; R\u00e9pondre n\u00e9gativement \u00e0 une question (ordre des mots dans la phrase)<\/a><\/p>\n<p><a href=\"https:\/\/learningapps.org\/display?v=pzqohyexc19\" target=\"_blank\" rel=\"noopener\">10 exercices &#8211; Remettre les mots dans l&rsquo;ordre<\/a><\/p>\n<p><a href=\"https:\/\/learningapps.org\/display?v=po99wuafa18\" target=\"_blank\" rel=\"noopener\">Transformer les phrases affirmatives en phrases n\u00e9gatives<\/a><\/p>\n<p><a href=\"https:\/\/learningapps.org\/display?v=pmsbm9e4k18\" target=\"_blank\" rel=\"noopener\">Transformer les phrases affirmatives en phrases n\u00e9gatives (2)<\/a><\/p>\n<p><a href=\"https:\/\/learningapps.org\/display?v=p173hd5bc17\" target=\"_blank\" rel=\"noopener\">Transformer les phrases affirmatives en phrases n\u00e9gatives (3)<\/a><\/p>\n<p><a href=\"https:\/\/learningapps.org\/display?v=p8k98gncn18\" target=\"_blank\" rel=\"noopener\">Associer phrases affirmative &#8211; n\u00e9gative \/ plus &#8211; rien &#8211; personne &#8211; jamais<\/a><\/p>\n","protected":false},"excerpt":{"rendered":"<p>Pour commencer, voici une\u00a0vid\u00e9o CANOPE\u00a0qui explique comment reconna\u00eetre une phrase \u00e0 la forme n\u00e9gative. Exercices d&rsquo;entra\u00eenement Associer phrase &#8211; image Texte \u00e0 trous &#8211; Compl\u00e9ter avec ne \/ n&rsquo; \/ pas Oral &#8211; R\u00e9pondre n\u00e9gativement \u00e0 une question (ordre des mots dans la phrase) 10 exercices &#8211; Remettre les mots dans l&rsquo;ordre Transformer les phrases &hellip; <\/p>\n<p class=\"link-more\"><a href=\"https:\/\/sites.ac-nancy-metz.fr\/upe2a-jules-ferry-woippy\/?page_id=909\" class=\"more-link\">Continuer la lecture<span class=\"screen-reader-text\"> de &laquo;&nbsp;La phrase n\u00e9gative&nbsp;&raquo;<\/span><\/a><\/p>\n","protected":false},"author":4,"featured_media":0,"parent":0,"menu_order":0,"comment_status":"closed","ping_status":"closed","template":"","meta":{"footnotes":""},"_links":{"self":[{"href":"https:\/\/sites.ac-nancy-metz.fr\/upe2a-jules-ferry-woippy\/index.php?rest_route=\/wp\/v2\/pages\/909"}],"collection":[{"href":"https:\/\/sites.ac-nancy-metz.fr\/upe2a-jules-ferry-woippy\/index.php?rest_route=\/wp\/v2\/pages"}],"about":[{"href":"https:\/\/sites.ac-nancy-metz.fr\/upe2a-jules-ferry-woippy\/index.php?rest_route=\/wp\/v2\/types\/page"}],"author":[{"embeddable":true,"href":"https:\/\/sites.ac-nancy-metz.fr\/upe2a-jules-ferry-woippy\/index.php?rest_route=\/wp\/v2\/users\/4"}],"replies":[{"embeddable":true,"href":"https:\/\/sites.ac-nancy-metz.fr\/upe2a-jules-ferry-woippy\/index.php?rest_route=%2Fwp%2Fv2%2Fcomments&post=909"}],"version-history":[{"count":3,"href":"https:\/\/sites.ac-nancy-metz.fr\/upe2a-jules-ferry-woippy\/index.php?rest_route=\/wp\/v2\/pages\/909\/revisions"}],"predecessor-version":[{"id":1136,"href":"https:\/\/sites.ac-nancy-metz.fr\/upe2a-jules-ferry-woippy\/index.php?rest_route=\/wp\/v2\/pages\/909\/revisions\/1136"}],"wp:attachment":[{"href":"https:\/\/sites.ac-nancy-metz.fr\/upe2a-jules-ferry-woippy\/index.php?rest_route=%2Fwp%2Fv2%2Fmedia&parent=909"}],"curies":[{"name":"wp","href":"https:\/\/api.w.org\/{rel}","templated":true}]}}