{"id":914,"date":"2022-02-22T11:26:33","date_gmt":"2022-02-22T10:26:33","guid":{"rendered":"https:\/\/sites.ac-nancy-metz.fr\/upe2a-jules-ferry-woippy\/?page_id=914"},"modified":"2023-08-23T16:03:11","modified_gmt":"2023-08-23T14:03:11","slug":"la-phrase-interrogative","status":"publish","type":"page","link":"https:\/\/sites.ac-nancy-metz.fr\/upe2a-jules-ferry-woippy\/?page_id=914","title":{"rendered":"La phrase interrogative"},"content":{"rendered":"<p>Pour commencer, tu peux regarder cette\u00a0<a href=\"https:\/\/lesfondamentaux.reseau-canope.fr\/video\/francais\/grammaire\/types-et-formes-de-phrases\/la-phrase-interrogative\" target=\"_blank\" rel=\"noopener\">vid\u00e9o CANOPE<\/a>\u00a0qui explique ce qu&rsquo;est une phrase interrogative.<\/p>\n<h5>Exercices d&rsquo;entra\u00eenement<\/h5>\n<p><a href=\"https:\/\/wordwall.net\/resource\/3120683\/les-mots-interrogatifs\" target=\"_blank\" rel=\"noopener\">Les mots interrogatifs (5 exercices)<\/a><\/p>\n<p><a href=\"https:\/\/learningapps.org\/display?v=ptmc2n36521\" target=\"_blank\" rel=\"noopener\">Associer questions &#8211; r\u00e9ponses<\/a><\/p>\n<p><a href=\"https:\/\/learningapps.org\/display?v=p0fpgmuct18\" target=\"_blank\" rel=\"noopener\">Associer questions &#8211; r\u00e9ponses (2)<\/a><\/p>\n<p><a href=\"https:\/\/learningapps.org\/2620259\" target=\"_blank\" rel=\"noopener\">Associer questions &#8211; r\u00e9ponses (3)<\/a><\/p>\n<p><a href=\"https:\/\/learningapps.org\/display?v=pnitmoaek20\" target=\"_blank\" rel=\"noopener\">Associer questions &#8211; r\u00e9ponses (4)<\/a><\/p>\n<p><a href=\"https:\/\/learningapps.org\/display?v=pnq46wwwn22\" target=\"_blank\" rel=\"noopener\">QCM &#8211; Choisir le bon mot interrogatif<\/a><\/p>\n<p><a href=\"https:\/\/learningapps.org\/display?v=p4qp4jwqj01\" target=\"_blank\" rel=\"noopener\">QCM &#8211; Choisir le bon mot interrogatif (2)<\/a><\/p>\n<p><a href=\"https:\/\/learningapps.org\/1915022\" target=\"_blank\" rel=\"noopener\">QCM &#8211; Choisir le bon mot interrogatif (3)<\/a><\/p>\n<p><a href=\"https:\/\/learningapps.org\/6803935\" target=\"_blank\" rel=\"noopener\">QCM &#8211; Choisir le bon mot interrogatif (4)<\/a><\/p>\n<p><a href=\"https:\/\/learningapps.org\/display?v=psgmft2gj23\" target=\"_blank\" rel=\"noopener\">QCM &#8211; Choisir le bon mot interrogatif (5)<\/a><\/p>\n<p><a href=\"https:\/\/learningapps.org\/display?v=p6phyrmi222\" target=\"_blank\" rel=\"noopener\">Choisir le bon mot interrogatif<\/a><\/p>\n<p><a href=\"https:\/\/learningapps.org\/display?v=pgeo97nvc18\" target=\"_blank\" rel=\"noopener\">Transformer des questions avec \u00ab\u00a0Est-ce que\u00a0\u00bb<\/a><\/p>\n<p><a href=\"https:\/\/learningapps.org\/5407072\" target=\"_blank\" rel=\"noopener\">Quel &#8211; Quels &#8211; Quelle &#8211; Quelles ?<\/a><\/p>\n<p><a href=\"https:\/\/learningapps.org\/display?v=p7wk4gvq220\" target=\"_blank\" rel=\"noopener\">A2 &#8211; Remettre les mots dans l&rsquo;ordre<\/a><\/p>\n<p><a href=\"https:\/\/learningapps.org\/display?v=pw5mjbrsa01\" target=\"_blank\" rel=\"noopener\">A2 &#8211; Ecrire des questions avec \u00ab\u00a0Est-ce que\u00a0\u00bb ou \u00ab\u00a0Qu&rsquo;est-ce que\u00a0\u00bb<\/a><\/p>\n<p><a href=\"https:\/\/learningapps.org\/display?v=pprz2bkx322\" target=\"_blank\" rel=\"noopener\">A2 &#8211; Ecrire le mot interrogatif manquant<\/a><\/p>\n<p><a href=\"https:\/\/learningapps.org\/display?v=p5vwdj55v20\" target=\"_blank\" rel=\"noopener\">A2 &#8211; Choisir le bon mot interrogatif (quel\/quels\/quelle\/quelles)<\/a><\/p>\n<p><a href=\"https:\/\/learningapps.org\/display?v=praew0r7222\" target=\"_blank\" rel=\"noopener\">A2 &#8211; Texte \u00e0 trous \/ Quel &#8211; Quelle &#8211; Quels &#8211; Quelles<\/a><\/p>\n","protected":false},"excerpt":{"rendered":"<p>Pour commencer, tu peux regarder cette\u00a0vid\u00e9o CANOPE\u00a0qui explique ce qu&rsquo;est une phrase interrogative. Exercices d&rsquo;entra\u00eenement Les mots interrogatifs (5 exercices) Associer questions &#8211; r\u00e9ponses Associer questions &#8211; r\u00e9ponses (2) Associer questions &#8211; r\u00e9ponses (3) Associer questions &#8211; r\u00e9ponses (4) QCM &#8211; Choisir le bon mot interrogatif QCM &#8211; Choisir le bon mot interrogatif (2) QCM &hellip; <\/p>\n<p class=\"link-more\"><a href=\"https:\/\/sites.ac-nancy-metz.fr\/upe2a-jules-ferry-woippy\/?page_id=914\" class=\"more-link\">Continuer la lecture<span class=\"screen-reader-text\"> de &laquo;&nbsp;La phrase interrogative&nbsp;&raquo;<\/span><\/a><\/p>\n","protected":false},"author":4,"featured_media":0,"parent":0,"menu_order":0,"comment_status":"closed","ping_status":"closed","template":"","meta":{"footnotes":""},"_links":{"self":[{"href":"https:\/\/sites.ac-nancy-metz.fr\/upe2a-jules-ferry-woippy\/index.php?rest_route=\/wp\/v2\/pages\/914"}],"collection":[{"href":"https:\/\/sites.ac-nancy-metz.fr\/upe2a-jules-ferry-woippy\/index.php?rest_route=\/wp\/v2\/pages"}],"about":[{"href":"https:\/\/sites.ac-nancy-metz.fr\/upe2a-jules-ferry-woippy\/index.php?rest_route=\/wp\/v2\/types\/page"}],"author":[{"embeddable":true,"href":"https:\/\/sites.ac-nancy-metz.fr\/upe2a-jules-ferry-woippy\/index.php?rest_route=\/wp\/v2\/users\/4"}],"replies":[{"embeddable":true,"href":"https:\/\/sites.ac-nancy-metz.fr\/upe2a-jules-ferry-woippy\/index.php?rest_route=%2Fwp%2Fv2%2Fcomments&post=914"}],"version-history":[{"count":6,"href":"https:\/\/sites.ac-nancy-metz.fr\/upe2a-jules-ferry-woippy\/index.php?rest_route=\/wp\/v2\/pages\/914\/revisions"}],"predecessor-version":[{"id":1137,"href":"https:\/\/sites.ac-nancy-metz.fr\/upe2a-jules-ferry-woippy\/index.php?rest_route=\/wp\/v2\/pages\/914\/revisions\/1137"}],"wp:attachment":[{"href":"https:\/\/sites.ac-nancy-metz.fr\/upe2a-jules-ferry-woippy\/index.php?rest_route=%2Fwp%2Fv2%2Fmedia&parent=914"}],"curies":[{"name":"wp","href":"https:\/\/api.w.org\/{rel}","templated":true}]}}