{"id":923,"date":"2022-03-16T17:47:06","date_gmt":"2022-03-16T16:47:06","guid":{"rendered":"https:\/\/sites.ac-nancy-metz.fr\/upe2a-jules-ferry-woippy\/?page_id=923"},"modified":"2023-02-22T15:09:54","modified_gmt":"2023-02-22T14:09:54","slug":"la-journee-des-droits-des-femmes","status":"publish","type":"page","link":"https:\/\/sites.ac-nancy-metz.fr\/upe2a-jules-ferry-woippy\/?page_id=923","title":{"rendered":"La journ\u00e9e des droits des femmes"},"content":{"rendered":"<h5 style=\"text-align: center;\"><strong>Le 8 mars c&rsquo;est la Journ\u00e9e internationale des droits des femmes.<\/strong><\/h5>\n<p>&nbsp;<\/p>\n<p>A cette occasion, je te propose de visionner<\/p>\n<p><a href=\"https:\/\/www.france.tv\/france-5\/culottees\/#xtor=EREC-54-[Event_Programmes]-20200307&amp;pid=726375-1451115507-abdecb69\" target=\"_blank\" rel=\"noopener\">les vid\u00e9os \u00ab\u00a0Culott\u00e9es\u00a0\u00bb<\/a>\u00a0qui pr\u00e9sentent \u00ab\u00a0Trente portraits de femmes qui ont os\u00e9 faire voler en \u00e9clats les pr\u00e9jug\u00e9s et chang\u00e9 le monde \u00e0 leur mani\u00e8re.\u00a0\u00bb Tu peux \u00e9galement retrouver ces portraits de femmes en lisant la BD \u00ab\u00a0Culott\u00e9es\u00a0\u00bb de P\u00e9n\u00e9lope BAGIEU (disponible aux CDI)<\/p>\n<p><a href=\"https:\/\/youtu.be\/mfroa-BzP3I\" target=\"_blank\" rel=\"noopener\">le portrait de Rosa PARKS (dessin anim\u00e9)<\/a><\/p>\n<p><a href=\"https:\/\/youtu.be\/cT1J2jR_OuU\" target=\"_blank\" rel=\"noopener\">le portrait de Olympe DE GOUGES (dessin anim\u00e9)<\/a><\/p>\n<p><a href=\"https:\/\/youtu.be\/1Tj_RdT-3-s\" target=\"_blank\" rel=\"noopener\">le portrait de Louise MICHEL (dessin anim\u00e9)<\/a><\/p>\n<p><a href=\"https:\/\/youtu.be\/7rkYDj9H6ZA\" target=\"_blank\" rel=\"noopener\">le portrait de Frida KAHLO (dessin anim\u00e9)<\/a><\/p>\n<p><a href=\"https:\/\/youtu.be\/bXs3gAiJE7E\" target=\"_blank\" rel=\"noopener\">le portrait de Marie CURIE (dessin anim\u00e9)<\/a><\/p>\n<p><a href=\"https:\/\/youtu.be\/_utDEDqWltw\" target=\"_blank\" rel=\"noopener\">le portrait de Marie-Antoinette (dessin anim\u00e9)<\/a><\/p>\n<p><a href=\"https:\/\/youtu.be\/n6dviONomzQ\" target=\"_blank\" rel=\"noopener\">le portrait de Catherine DE MEDICIS (dessin anim\u00e9)<\/a><\/p>\n<p><a href=\"https:\/\/youtu.be\/rmyWToVe87k\" target=\"_blank\" rel=\"noopener\">le portrait de Anne de Bretagne (dessin anim\u00e9)<\/a><\/p>\n<p>&nbsp;<\/p>\n<p>Sur\u00a0<a href=\"https:\/\/view.genial.ly\/639ed539d7ce6c0018ca4eeb\" target=\"_blank\" rel=\"noopener\">ce site,<\/a>\u00a0tu peux \u00e9galement d\u00e9couvrir le portrait de femmes c\u00e9l\u00e8bres.<\/p>\n<p>&nbsp;<\/p>\n<p>Voici \u00e9galement quelques exercices en ligne sur le sujet des femmes.<\/p>\n<p><a href=\"https:\/\/apprendre.tv5monde.com\/fr\/exercices\/a1-debutant\/le-travail-et-la-famille\" target=\"_blank\" rel=\"noopener\">Le travail et la famille<\/a>\u00a0(A1)<\/p>\n<p><a href=\"https:\/\/apprendre.tv5monde.com\/fr\/exercices\/a2-elementaire\/femmes-au-pouvoir-ou-est-la-realite\" target=\"_blank\" rel=\"noopener\">Femmes au pouvoir<\/a>\u00a0(A2)<\/p>\n<p><a href=\"https:\/\/apprendre.tv5monde.com\/fr\/exercices\/a2-elementaire\/angele-balance-ton-quoi\" target=\"_blank\" rel=\"noopener\">Chanson &#8211; Balance ton quoi (Ang\u00e8le)<\/a>\u00a0(B1)<\/p>\n<p>&nbsp;<\/p>\n","protected":false},"excerpt":{"rendered":"<p>Le 8 mars c&rsquo;est la Journ\u00e9e internationale des droits des femmes. &nbsp; A cette occasion, je te propose de visionner les vid\u00e9os \u00ab\u00a0Culott\u00e9es\u00a0\u00bb\u00a0qui pr\u00e9sentent \u00ab\u00a0Trente portraits de femmes qui ont os\u00e9 faire voler en \u00e9clats les pr\u00e9jug\u00e9s et chang\u00e9 le monde \u00e0 leur mani\u00e8re.\u00a0\u00bb Tu peux \u00e9galement retrouver ces portraits de femmes en lisant la &hellip; <\/p>\n<p class=\"link-more\"><a href=\"https:\/\/sites.ac-nancy-metz.fr\/upe2a-jules-ferry-woippy\/?page_id=923\" class=\"more-link\">Continuer la lecture<span class=\"screen-reader-text\"> de &laquo;&nbsp;La journ\u00e9e des droits des femmes&nbsp;&raquo;<\/span><\/a><\/p>\n","protected":false},"author":4,"featured_media":0,"parent":0,"menu_order":0,"comment_status":"closed","ping_status":"closed","template":"","meta":{"footnotes":""},"_links":{"self":[{"href":"https:\/\/sites.ac-nancy-metz.fr\/upe2a-jules-ferry-woippy\/index.php?rest_route=\/wp\/v2\/pages\/923"}],"collection":[{"href":"https:\/\/sites.ac-nancy-metz.fr\/upe2a-jules-ferry-woippy\/index.php?rest_route=\/wp\/v2\/pages"}],"about":[{"href":"https:\/\/sites.ac-nancy-metz.fr\/upe2a-jules-ferry-woippy\/index.php?rest_route=\/wp\/v2\/types\/page"}],"author":[{"embeddable":true,"href":"https:\/\/sites.ac-nancy-metz.fr\/upe2a-jules-ferry-woippy\/index.php?rest_route=\/wp\/v2\/users\/4"}],"replies":[{"embeddable":true,"href":"https:\/\/sites.ac-nancy-metz.fr\/upe2a-jules-ferry-woippy\/index.php?rest_route=%2Fwp%2Fv2%2Fcomments&post=923"}],"version-history":[{"count":5,"href":"https:\/\/sites.ac-nancy-metz.fr\/upe2a-jules-ferry-woippy\/index.php?rest_route=\/wp\/v2\/pages\/923\/revisions"}],"predecessor-version":[{"id":1365,"href":"https:\/\/sites.ac-nancy-metz.fr\/upe2a-jules-ferry-woippy\/index.php?rest_route=\/wp\/v2\/pages\/923\/revisions\/1365"}],"wp:attachment":[{"href":"https:\/\/sites.ac-nancy-metz.fr\/upe2a-jules-ferry-woippy\/index.php?rest_route=%2Fwp%2Fv2%2Fmedia&parent=923"}],"curies":[{"name":"wp","href":"https:\/\/api.w.org\/{rel}","templated":true}]}}