{"id":934,"date":"2022-03-16T14:08:13","date_gmt":"2022-03-16T13:08:13","guid":{"rendered":"https:\/\/sites.ac-nancy-metz.fr\/upe2a-jules-ferry-woippy\/?page_id=934"},"modified":"2023-10-31T11:03:30","modified_gmt":"2023-10-31T10:03:30","slug":"les-vetements","status":"publish","type":"page","link":"https:\/\/sites.ac-nancy-metz.fr\/upe2a-jules-ferry-woippy\/?page_id=934","title":{"rendered":"Les v\u00eatements"},"content":{"rendered":"<h2>Voici des liens pour r\u00e9viser le vocabulaire des v\u00eatements<\/h2>\n<p>&nbsp;<\/p>\n<p><a href=\"https:\/\/learningapps.org\/display?v=puea2aqy323\" target=\"_blank\" rel=\"noopener\">Associer image \/ mot<\/a><\/p>\n<p><a href=\"https:\/\/learningapps.org\/display?v=p40x3i3ca20\" target=\"_blank\" rel=\"noopener\">Associer image \/ mot entendu (les accessoires)<\/a><\/p>\n<p><a href=\"https:\/\/learningapps.org\/display?v=pzg21hn6222\" target=\"_blank\" rel=\"noopener\">Associer image \/ mot entendu (2)<\/a><\/p>\n<p><a href=\"https:\/\/learningapps.org\/display?v=pcqi4pmft21\" target=\"_blank\" rel=\"noopener\">Associer image \/ mot entendu (3)<\/a><\/p>\n<p><a href=\"https:\/\/learningapps.org\/display?v=poz54t81a22\" target=\"_blank\" rel=\"noopener\">\u00c9crire le nom<\/a><\/p>\n<p><a href=\"https:\/\/learningapps.org\/display?v=p0aujucat22\" target=\"_blank\" rel=\"noopener\">Mots crois\u00e9s &#8211; A2<\/a><\/p>\n","protected":false},"excerpt":{"rendered":"<p>Voici des liens pour r\u00e9viser le vocabulaire des v\u00eatements &nbsp; Associer image \/ mot Associer image \/ mot entendu (les accessoires) Associer image \/ mot entendu (2) Associer image \/ mot entendu (3) \u00c9crire le nom Mots crois\u00e9s &#8211; A2<\/p>\n","protected":false},"author":4,"featured_media":0,"parent":0,"menu_order":0,"comment_status":"closed","ping_status":"closed","template":"","meta":{"footnotes":""},"_links":{"self":[{"href":"https:\/\/sites.ac-nancy-metz.fr\/upe2a-jules-ferry-woippy\/index.php?rest_route=\/wp\/v2\/pages\/934"}],"collection":[{"href":"https:\/\/sites.ac-nancy-metz.fr\/upe2a-jules-ferry-woippy\/index.php?rest_route=\/wp\/v2\/pages"}],"about":[{"href":"https:\/\/sites.ac-nancy-metz.fr\/upe2a-jules-ferry-woippy\/index.php?rest_route=\/wp\/v2\/types\/page"}],"author":[{"embeddable":true,"href":"https:\/\/sites.ac-nancy-metz.fr\/upe2a-jules-ferry-woippy\/index.php?rest_route=\/wp\/v2\/users\/4"}],"replies":[{"embeddable":true,"href":"https:\/\/sites.ac-nancy-metz.fr\/upe2a-jules-ferry-woippy\/index.php?rest_route=%2Fwp%2Fv2%2Fcomments&post=934"}],"version-history":[{"count":3,"href":"https:\/\/sites.ac-nancy-metz.fr\/upe2a-jules-ferry-woippy\/index.php?rest_route=\/wp\/v2\/pages\/934\/revisions"}],"predecessor-version":[{"id":1177,"href":"https:\/\/sites.ac-nancy-metz.fr\/upe2a-jules-ferry-woippy\/index.php?rest_route=\/wp\/v2\/pages\/934\/revisions\/1177"}],"wp:attachment":[{"href":"https:\/\/sites.ac-nancy-metz.fr\/upe2a-jules-ferry-woippy\/index.php?rest_route=%2Fwp%2Fv2%2Fmedia&parent=934"}],"curies":[{"name":"wp","href":"https:\/\/api.w.org\/{rel}","templated":true}]}}