{"id":941,"date":"2022-03-16T16:52:20","date_gmt":"2022-03-16T15:52:20","guid":{"rendered":"https:\/\/sites.ac-nancy-metz.fr\/upe2a-jules-ferry-woippy\/?page_id=941"},"modified":"2023-11-01T14:08:23","modified_gmt":"2023-11-01T13:08:23","slug":"le-caractere","status":"publish","type":"page","link":"https:\/\/sites.ac-nancy-metz.fr\/upe2a-jules-ferry-woippy\/?page_id=941","title":{"rendered":"Le caract\u00e8re"},"content":{"rendered":"<h2>Voici des liens pour r\u00e9viser le vocabulaire du caract\u00e8re, des qualit\u00e9s et des d\u00e9fauts<\/h2>\n<p>&nbsp;<\/p>\n<p><a href=\"https:\/\/learningapps.org\/display?v=pvizoeivk22\" target=\"_blank\" rel=\"noopener\">Associer image \/ mot<\/a><\/p>\n<p><a href=\"https:\/\/learningapps.org\/display?v=p9fembrsn22\" target=\"_blank\" rel=\"noopener\">Associer image \/ mot (2)<\/a><\/p>\n<p><a href=\"https:\/\/learningapps.org\/display?v=pym1bgqq323\" target=\"_blank\" rel=\"noopener\">Associer image \/ mot (3)<\/a><\/p>\n<p><a href=\"https:\/\/learningapps.org\/display?v=pjqn63o6k22\" target=\"_blank\" rel=\"noopener\">Associer image \/ mot (4)<\/a><\/p>\n<p><a href=\"https:\/\/learningapps.org\/display?v=ptu1bu08t18\" target=\"_blank\" rel=\"noopener\">Associer les adjectifs contraires<\/a><\/p>\n<p><a href=\"https:\/\/learningapps.org\/display?v=pmdkjbdej23\" target=\"_blank\" rel=\"noopener\">Associer adjectif \/ d\u00e9finition<\/a><\/p>\n<p><a href=\"https:\/\/learningapps.org\/display?v=pa4pxjout23\" target=\"_blank\" rel=\"noopener\">Associer adjectif \/ d\u00e9finition (2)<\/a><\/p>\n<p><a href=\"https:\/\/learningapps.org\/display?v=pec5rpbyt17\" target=\"_blank\" rel=\"noopener\">Mots crois\u00e9s<\/a><\/p>\n<p><a href=\"https:\/\/learningapps.org\/display?v=peszv6nha22\" target=\"_blank\" rel=\"noopener\">Masculin ? F\u00e9minin ? Masculin et F\u00e9minin ?<\/a><\/p>\n<p><a href=\"https:\/\/learningapps.org\/display?v=pmhajd85c20\" target=\"_blank\" rel=\"noopener\">Masculin ? F\u00e9minin ? Masculin et F\u00e9minin ? (2)<\/a><\/p>\n","protected":false},"excerpt":{"rendered":"<p>Voici des liens pour r\u00e9viser le vocabulaire du caract\u00e8re, des qualit\u00e9s et des d\u00e9fauts &nbsp; Associer image \/ mot Associer image \/ mot (2) Associer image \/ mot (3) Associer image \/ mot (4) Associer les adjectifs contraires Associer adjectif \/ d\u00e9finition Associer adjectif \/ d\u00e9finition (2) Mots crois\u00e9s Masculin ? F\u00e9minin ? Masculin et &hellip; <\/p>\n<p class=\"link-more\"><a href=\"https:\/\/sites.ac-nancy-metz.fr\/upe2a-jules-ferry-woippy\/?page_id=941\" class=\"more-link\">Continuer la lecture<span class=\"screen-reader-text\"> de &laquo;&nbsp;Le caract\u00e8re&nbsp;&raquo;<\/span><\/a><\/p>\n","protected":false},"author":4,"featured_media":0,"parent":0,"menu_order":0,"comment_status":"closed","ping_status":"closed","template":"","meta":{"footnotes":""},"_links":{"self":[{"href":"https:\/\/sites.ac-nancy-metz.fr\/upe2a-jules-ferry-woippy\/index.php?rest_route=\/wp\/v2\/pages\/941"}],"collection":[{"href":"https:\/\/sites.ac-nancy-metz.fr\/upe2a-jules-ferry-woippy\/index.php?rest_route=\/wp\/v2\/pages"}],"about":[{"href":"https:\/\/sites.ac-nancy-metz.fr\/upe2a-jules-ferry-woippy\/index.php?rest_route=\/wp\/v2\/types\/page"}],"author":[{"embeddable":true,"href":"https:\/\/sites.ac-nancy-metz.fr\/upe2a-jules-ferry-woippy\/index.php?rest_route=\/wp\/v2\/users\/4"}],"replies":[{"embeddable":true,"href":"https:\/\/sites.ac-nancy-metz.fr\/upe2a-jules-ferry-woippy\/index.php?rest_route=%2Fwp%2Fv2%2Fcomments&post=941"}],"version-history":[{"count":4,"href":"https:\/\/sites.ac-nancy-metz.fr\/upe2a-jules-ferry-woippy\/index.php?rest_route=\/wp\/v2\/pages\/941\/revisions"}],"predecessor-version":[{"id":1179,"href":"https:\/\/sites.ac-nancy-metz.fr\/upe2a-jules-ferry-woippy\/index.php?rest_route=\/wp\/v2\/pages\/941\/revisions\/1179"}],"wp:attachment":[{"href":"https:\/\/sites.ac-nancy-metz.fr\/upe2a-jules-ferry-woippy\/index.php?rest_route=%2Fwp%2Fv2%2Fmedia&parent=941"}],"curies":[{"name":"wp","href":"https:\/\/api.w.org\/{rel}","templated":true}]}}