{"id":944,"date":"2022-03-16T17:15:37","date_gmt":"2022-03-16T16:15:37","guid":{"rendered":"https:\/\/sites.ac-nancy-metz.fr\/upe2a-jules-ferry-woippy\/?page_id=944"},"modified":"2023-11-01T14:26:36","modified_gmt":"2023-11-01T13:26:36","slug":"la-description","status":"publish","type":"page","link":"https:\/\/sites.ac-nancy-metz.fr\/upe2a-jules-ferry-woippy\/?page_id=944","title":{"rendered":"La description"},"content":{"rendered":"<h2>Voici des liens pour r\u00e9viser la le\u00e7on \u00ab\u00a0D\u00e9crire quelqu&rsquo;un &#8211; la description physique\u00a0\u00bb<\/h2>\n<p>&nbsp;<\/p>\n<p><a href=\"https:\/\/learningapps.org\/display?v=poakb672k21\" target=\"_blank\" rel=\"noopener\">Associer adjectif physique \/ image<\/a><\/p>\n<p><a href=\"https:\/\/learningapps.org\/display?v=ppt9rrn9a20\" target=\"_blank\" rel=\"noopener\">Associer phrase \/ image<\/a><\/p>\n<p><a href=\"https:\/\/learningapps.org\/display?v=p16jbgu9321\" target=\"_blank\" rel=\"noopener\">Qui est ce ? Associer description orale \/ image<\/a><\/p>\n<p><a href=\"https:\/\/learningapps.org\/display?v=ppam186ek23\" target=\"_blank\" rel=\"noopener\">Qui est ce ? Associer description \/ image<\/a><\/p>\n<p><a href=\"https:\/\/learningapps.org\/display?v=p06av0dba23\" target=\"_blank\" rel=\"noopener\">Associer description \/ image<\/a><\/p>\n<p><a href=\"https:\/\/learningapps.org\/display?v=pvbgsgi4n23\" target=\"_blank\" rel=\"noopener\">Associer description \/ image &#8211; Ast\u00e9rix, Ob\u00e9lix and co<\/a><\/p>\n<p><a href=\"https:\/\/learningapps.org\/display?v=pbvm3fsdt20\" target=\"_blank\" rel=\"noopener\">Il est \/ Il a <\/a><\/p>\n<p><a href=\"https:\/\/learningapps.org\/display?v=p9jfsm1sc23\" target=\"_blank\" rel=\"noopener\">Phrases \u00e0 trous<\/a><\/p>\n<p><a href=\"https:\/\/learningapps.org\/display?v=pw0992wkk\" target=\"_blank\" rel=\"noopener\">Texte \u00e0 trous &#8211; Ast\u00e9rix, Ob\u00e9lix et Panoramix<\/a><\/p>\n","protected":false},"excerpt":{"rendered":"<p>Voici des liens pour r\u00e9viser la le\u00e7on \u00ab\u00a0D\u00e9crire quelqu&rsquo;un &#8211; la description physique\u00a0\u00bb &nbsp; Associer adjectif physique \/ image Associer phrase \/ image Qui est ce ? Associer description orale \/ image Qui est ce ? Associer description \/ image Associer description \/ image Associer description \/ image &#8211; Ast\u00e9rix, Ob\u00e9lix and co Il est &hellip; <\/p>\n<p class=\"link-more\"><a href=\"https:\/\/sites.ac-nancy-metz.fr\/upe2a-jules-ferry-woippy\/?page_id=944\" class=\"more-link\">Continuer la lecture<span class=\"screen-reader-text\"> de &laquo;&nbsp;La description&nbsp;&raquo;<\/span><\/a><\/p>\n","protected":false},"author":4,"featured_media":0,"parent":0,"menu_order":0,"comment_status":"closed","ping_status":"closed","template":"","meta":{"footnotes":""},"_links":{"self":[{"href":"https:\/\/sites.ac-nancy-metz.fr\/upe2a-jules-ferry-woippy\/index.php?rest_route=\/wp\/v2\/pages\/944"}],"collection":[{"href":"https:\/\/sites.ac-nancy-metz.fr\/upe2a-jules-ferry-woippy\/index.php?rest_route=\/wp\/v2\/pages"}],"about":[{"href":"https:\/\/sites.ac-nancy-metz.fr\/upe2a-jules-ferry-woippy\/index.php?rest_route=\/wp\/v2\/types\/page"}],"author":[{"embeddable":true,"href":"https:\/\/sites.ac-nancy-metz.fr\/upe2a-jules-ferry-woippy\/index.php?rest_route=\/wp\/v2\/users\/4"}],"replies":[{"embeddable":true,"href":"https:\/\/sites.ac-nancy-metz.fr\/upe2a-jules-ferry-woippy\/index.php?rest_route=%2Fwp%2Fv2%2Fcomments&post=944"}],"version-history":[{"count":3,"href":"https:\/\/sites.ac-nancy-metz.fr\/upe2a-jules-ferry-woippy\/index.php?rest_route=\/wp\/v2\/pages\/944\/revisions"}],"predecessor-version":[{"id":1181,"href":"https:\/\/sites.ac-nancy-metz.fr\/upe2a-jules-ferry-woippy\/index.php?rest_route=\/wp\/v2\/pages\/944\/revisions\/1181"}],"wp:attachment":[{"href":"https:\/\/sites.ac-nancy-metz.fr\/upe2a-jules-ferry-woippy\/index.php?rest_route=%2Fwp%2Fv2%2Fmedia&parent=944"}],"curies":[{"name":"wp","href":"https:\/\/api.w.org\/{rel}","templated":true}]}}