{"id":953,"date":"2022-03-16T18:18:30","date_gmt":"2022-03-16T17:18:30","guid":{"rendered":"https:\/\/sites.ac-nancy-metz.fr\/upe2a-jules-ferry-woippy\/?page_id=953"},"modified":"2024-01-10T16:46:53","modified_gmt":"2024-01-10T15:46:53","slug":"ladjectif-qualificatif","status":"publish","type":"page","link":"https:\/\/sites.ac-nancy-metz.fr\/upe2a-jules-ferry-woippy\/?page_id=953","title":{"rendered":"L&rsquo;adjectif qualificatif"},"content":{"rendered":"<p>Pour commencer, je te propose quelques vid\u00e9os \u00e0 visionner<\/p>\n<ol>\n<li><a href=\"https:\/\/lesfondamentaux.reseau-canope.fr\/video\/francais\/grammaire\/les-fonctions-de-ladjectif-qualificatif\/ladjectif-qualificatif-epithete\" target=\"_blank\" rel=\"noopener\">L&rsquo;adjectif qualificatif \u00e9pith\u00e8te<\/a><\/li>\n<li><a href=\"https:\/\/lesfondamentaux.reseau-canope.fr\/video\/francais\/grammaire\/les-adjectifs-qualificatifs\/le-role-des-adjectifs-qualificatifs\" target=\"_blank\" rel=\"noopener\">Le r\u00f4le des adjectifs qualificatifs<\/a><\/li>\n<li><a href=\"https:\/\/lesfondamentaux.reseau-canope.fr\/video\/francais\/grammaire\/les-adjectifs-qualificatifs\/la-place-de-ladjectif-qualificatif\" target=\"_blank\" rel=\"noopener\">La place de l&rsquo;adjectif qualificatif<\/a><\/li>\n<li><a href=\"https:\/\/lesfondamentaux.reseau-canope.fr\/video\/francais\/grammaire\/les-adjectifs-qualificatifs\/les-accords-simples-avec-le-nom\" target=\"_blank\" rel=\"noopener\">Les accords simples avec le nom<\/a><\/li>\n<li><a href=\"https:\/\/lesfondamentaux.reseau-canope.fr\/video\/francais\/grammaire\/les-adjectifs-qualificatifs\/les-accords-de-ladjectif-qualificatif-au-feminin\" target=\"_blank\" rel=\"noopener\">Les accords au f\u00e9minin<\/a><\/li>\n<li><a href=\"https:\/\/lesfondamentaux.reseau-canope.fr\/video\/francais\/grammaire\/les-adjectifs-qualificatifs\/les-accords-de-ladjectif-qualificatif-au-pluriel\" target=\"_blank\" rel=\"noopener\">Les accords au pluriel<\/a><\/li>\n<\/ol>\n<h4>Voici maintenant quelques exercices pour t&rsquo;entra\u00eener \u00e0 placer et accorder l&rsquo;adjectif qualificatif<\/h4>\n<p>&nbsp;<\/p>\n<p><a href=\"https:\/\/learningapps.org\/display?v=pat8ms4y520\" target=\"_blank\" rel=\"noopener\">Accord de l&rsquo;adjectif &#8211; QCM<\/a><\/p>\n<p><a href=\"https:\/\/learningapps.org\/display?v=ppiqka5d220\" target=\"_blank\" rel=\"noopener\">Accord de l&rsquo;adjectif &#8211; QCM (2)<\/a><\/p>\n<p><a href=\"https:\/\/learningapps.org\/display?v=ppfznn5zt23\" target=\"_blank\" rel=\"noopener\">Accord de l&rsquo;adjectif &#8211; QCM (3)<\/a><\/p>\n<p><a href=\"https:\/\/learningapps.org\/display?v=pguzdy39c16\" target=\"_blank\" rel=\"noopener\">Accord de l&rsquo;adjectif (masculin\/f\u00e9minin) &#8211; Phrases \u00e0 trous<\/a><\/p>\n<p><a href=\"https:\/\/learningapps.org\/display?v=prytsss4c20\" target=\"_blank\" rel=\"noopener\">F\u00e9minin des adjectifs &#8211; \u00e9crire<\/a><\/p>\n<p><a href=\"https:\/\/learningapps.org\/display?v=pbzqysyak21\" target=\"_blank\" rel=\"noopener\">La place de l&rsquo;adjectif &#8211; Phrases \u00e0 trous (QCM)<\/a><\/p>\n<p><a href=\"https:\/\/learningapps.org\/display?v=p74va7uc520\" target=\"_blank\" rel=\"noopener\">La place et l&rsquo;accord de l&rsquo;adjectif &#8211; Phrases \u00e0 trous (QCM)<\/a><\/p>\n<p><a href=\"https:\/\/learningapps.org\/display?v=pa4qfvyuk20\" target=\"_blank\" rel=\"noopener\">Accord de l&rsquo;adjectif &#8211; Phrases \u00e0 trous<\/a><\/p>\n","protected":false},"excerpt":{"rendered":"<p>Pour commencer, je te propose quelques vid\u00e9os \u00e0 visionner L&rsquo;adjectif qualificatif \u00e9pith\u00e8te Le r\u00f4le des adjectifs qualificatifs La place de l&rsquo;adjectif qualificatif Les accords simples avec le nom Les accords au f\u00e9minin Les accords au pluriel Voici maintenant quelques exercices pour t&rsquo;entra\u00eener \u00e0 placer et accorder l&rsquo;adjectif qualificatif &nbsp; Accord de l&rsquo;adjectif &#8211; QCM Accord &hellip; <\/p>\n<p class=\"link-more\"><a href=\"https:\/\/sites.ac-nancy-metz.fr\/upe2a-jules-ferry-woippy\/?page_id=953\" class=\"more-link\">Continuer la lecture<span class=\"screen-reader-text\"> de &laquo;&nbsp;L&rsquo;adjectif qualificatif&nbsp;&raquo;<\/span><\/a><\/p>\n","protected":false},"author":4,"featured_media":0,"parent":0,"menu_order":0,"comment_status":"closed","ping_status":"closed","template":"","meta":{"footnotes":""},"_links":{"self":[{"href":"https:\/\/sites.ac-nancy-metz.fr\/upe2a-jules-ferry-woippy\/index.php?rest_route=\/wp\/v2\/pages\/953"}],"collection":[{"href":"https:\/\/sites.ac-nancy-metz.fr\/upe2a-jules-ferry-woippy\/index.php?rest_route=\/wp\/v2\/pages"}],"about":[{"href":"https:\/\/sites.ac-nancy-metz.fr\/upe2a-jules-ferry-woippy\/index.php?rest_route=\/wp\/v2\/types\/page"}],"author":[{"embeddable":true,"href":"https:\/\/sites.ac-nancy-metz.fr\/upe2a-jules-ferry-woippy\/index.php?rest_route=\/wp\/v2\/users\/4"}],"replies":[{"embeddable":true,"href":"https:\/\/sites.ac-nancy-metz.fr\/upe2a-jules-ferry-woippy\/index.php?rest_route=%2Fwp%2Fv2%2Fcomments&post=953"}],"version-history":[{"count":4,"href":"https:\/\/sites.ac-nancy-metz.fr\/upe2a-jules-ferry-woippy\/index.php?rest_route=\/wp\/v2\/pages\/953\/revisions"}],"predecessor-version":[{"id":1286,"href":"https:\/\/sites.ac-nancy-metz.fr\/upe2a-jules-ferry-woippy\/index.php?rest_route=\/wp\/v2\/pages\/953\/revisions\/1286"}],"wp:attachment":[{"href":"https:\/\/sites.ac-nancy-metz.fr\/upe2a-jules-ferry-woippy\/index.php?rest_route=%2Fwp%2Fv2%2Fmedia&parent=953"}],"curies":[{"name":"wp","href":"https:\/\/api.w.org\/{rel}","templated":true}]}}