{"id":980,"date":"2022-04-09T15:44:32","date_gmt":"2022-04-09T13:44:32","guid":{"rendered":"https:\/\/sites.ac-nancy-metz.fr\/upe2a-jules-ferry-woippy\/?page_id=980"},"modified":"2023-08-23T15:54:48","modified_gmt":"2023-08-23T13:54:48","slug":"le-passe-compose","status":"publish","type":"page","link":"https:\/\/sites.ac-nancy-metz.fr\/upe2a-jules-ferry-woippy\/?page_id=980","title":{"rendered":"Le pass\u00e9 compos\u00e9"},"content":{"rendered":"<p>Pour commencer, tu peux visionner <a href=\"https:\/\/lesfondamentaux.reseau-canope.fr\/video\/francais\/grammaire\/temps-composes-de-lindicatif-prendre-appui-sur-les-regularites\/un-passe-compose\" target=\"_blank\" rel=\"noopener\">cette vid\u00e9o<\/a> qui t&rsquo;explique comment reconna\u00eetre les temps compos\u00e9s puis <a href=\"https:\/\/lesfondamentaux.reseau-canope.fr\/video\/francais\/grammaire\/temps-composes-de-lindicatif-prendre-appui-sur-les-regularites\/conjuguer-au-passe-compose\" target=\"_blank\" rel=\"noopener\">cette vid\u00e9o<\/a> qui t&rsquo;apprend \u00e0 conjuguer au pass\u00e9 compos\u00e9.<\/p>\n<p>Maintenant, tu peux t&rsquo;entra\u00eener en faisant les exercices suivants.<\/p>\n<h4><strong>Choix de l&rsquo;auxiliaire : avoir ou \u00eatre<\/strong><\/h4>\n<p><a href=\"https:\/\/learningapps.org\/display?v=p3dqfe4z201\" target=\"_blank\" rel=\"noopener\">Auxiliaire avoir ou \u00eatre ?<\/a><\/p>\n<h4><strong>Les participes pass\u00e9s<\/strong><\/h4>\n<p><a href=\"https:\/\/learningapps.org\/display?v=prwud0gpj22\" target=\"_blank\" rel=\"noopener\">Associe infinitif et participe pass\u00e9<\/a><\/p>\n<p><a href=\"https:\/\/learningapps.org\/display?v=pv83ujj7318\" target=\"_blank\" rel=\"noopener\">Quel est le participe pass\u00e9 ? \u00c9cris la r\u00e9ponse<\/a><\/p>\n<h4><strong>Conjugaison<\/strong><\/h4>\n<p><a href=\"https:\/\/learningapps.org\/display?v=pnbt6m11n01\" target=\"_blank\" rel=\"noopener\">Conjugue au pass\u00e9 compos\u00e9 &#8211; QCM<\/a><\/p>\n<p><a href=\"https:\/\/learningapps.org\/display?v=piausnoca17\" target=\"_blank\" rel=\"noopener\">Conjugue au pass\u00e9 compos\u00e9 &#8211; QCM (2)<\/a><\/p>\n<p><a href=\"https:\/\/learningapps.org\/display?v=pzcoqodc521\" target=\"_blank\" rel=\"noopener\">Texte \u00e0 trous &#8211; Conjugue au pass\u00e9 compos\u00e9<\/a><\/p>\n<p><a href=\"https:\/\/learningapps.org\/display?v=p1wq6jvhj21\" target=\"_blank\" rel=\"noopener\">Texte \u00e0 trous &#8211; Conjugue au pass\u00e9 compos\u00e9 (2)<\/a><\/p>\n<p><a href=\"https:\/\/learningapps.org\/display?v=pgub0jn6222\" target=\"_blank\" rel=\"noopener\">Conjugue au pass\u00e9 compos\u00e9 &#8211; auxiliaire avoir<\/a><\/p>\n<p><a href=\"https:\/\/learningapps.org\/display?v=ph1bkgcoc18\" target=\"_blank\" rel=\"noopener\">Texte \u00e0 trous &#8211; Conjugue au pass\u00e9 compos\u00e9 (auxiliaire \u00eatre)<\/a><\/p>\n","protected":false},"excerpt":{"rendered":"<p>Pour commencer, tu peux visionner cette vid\u00e9o qui t&rsquo;explique comment reconna\u00eetre les temps compos\u00e9s puis cette vid\u00e9o qui t&rsquo;apprend \u00e0 conjuguer au pass\u00e9 compos\u00e9. Maintenant, tu peux t&rsquo;entra\u00eener en faisant les exercices suivants. Choix de l&rsquo;auxiliaire : avoir ou \u00eatre Auxiliaire avoir ou \u00eatre ? Les participes pass\u00e9s Associe infinitif et participe pass\u00e9 Quel est &hellip; <\/p>\n<p class=\"link-more\"><a href=\"https:\/\/sites.ac-nancy-metz.fr\/upe2a-jules-ferry-woippy\/?page_id=980\" class=\"more-link\">Continuer la lecture<span class=\"screen-reader-text\"> de &laquo;&nbsp;Le pass\u00e9 compos\u00e9&nbsp;&raquo;<\/span><\/a><\/p>\n","protected":false},"author":4,"featured_media":0,"parent":0,"menu_order":0,"comment_status":"closed","ping_status":"closed","template":"","meta":{"footnotes":""},"_links":{"self":[{"href":"https:\/\/sites.ac-nancy-metz.fr\/upe2a-jules-ferry-woippy\/index.php?rest_route=\/wp\/v2\/pages\/980"}],"collection":[{"href":"https:\/\/sites.ac-nancy-metz.fr\/upe2a-jules-ferry-woippy\/index.php?rest_route=\/wp\/v2\/pages"}],"about":[{"href":"https:\/\/sites.ac-nancy-metz.fr\/upe2a-jules-ferry-woippy\/index.php?rest_route=\/wp\/v2\/types\/page"}],"author":[{"embeddable":true,"href":"https:\/\/sites.ac-nancy-metz.fr\/upe2a-jules-ferry-woippy\/index.php?rest_route=\/wp\/v2\/users\/4"}],"replies":[{"embeddable":true,"href":"https:\/\/sites.ac-nancy-metz.fr\/upe2a-jules-ferry-woippy\/index.php?rest_route=%2Fwp%2Fv2%2Fcomments&post=980"}],"version-history":[{"count":3,"href":"https:\/\/sites.ac-nancy-metz.fr\/upe2a-jules-ferry-woippy\/index.php?rest_route=\/wp\/v2\/pages\/980\/revisions"}],"predecessor-version":[{"id":1133,"href":"https:\/\/sites.ac-nancy-metz.fr\/upe2a-jules-ferry-woippy\/index.php?rest_route=\/wp\/v2\/pages\/980\/revisions\/1133"}],"wp:attachment":[{"href":"https:\/\/sites.ac-nancy-metz.fr\/upe2a-jules-ferry-woippy\/index.php?rest_route=%2Fwp%2Fv2%2Fmedia&parent=980"}],"curies":[{"name":"wp","href":"https:\/\/api.w.org\/{rel}","templated":true}]}}