{"id":983,"date":"2022-04-09T15:57:41","date_gmt":"2022-04-09T13:57:41","guid":{"rendered":"https:\/\/sites.ac-nancy-metz.fr\/upe2a-jules-ferry-woippy\/?page_id=983"},"modified":"2022-04-09T15:57:41","modified_gmt":"2022-04-09T13:57:41","slug":"le-futur-simple","status":"publish","type":"page","link":"https:\/\/sites.ac-nancy-metz.fr\/upe2a-jules-ferry-woippy\/?page_id=983","title":{"rendered":"Le futur simple"},"content":{"rendered":"<p>Pour commencer, tu peux visionner <a href=\"https:\/\/lesfondamentaux.reseau-canope.fr\/video\/francais\/grammaire\/temps-simples-de-lindicatif-prendre-appui-sur-les-regularites\/le-futur\" target=\"_blank\" rel=\"noopener\">cette vid\u00e9o<\/a> qui te rappelle comment conjuguer au futur simple.<\/p>\n<p>Tu peux maintenant t&rsquo;entra\u00eener avec les exercices suivants<\/p>\n<p><a href=\"https:\/\/learningapps.org\/display?v=p4sho7vyt01\" target=\"_blank\" rel=\"noopener\">QCM &#8211; Jeu du millionnaire<\/a><\/p>\n<p><a href=\"https:\/\/learningapps.org\/display?v=pz802fz7n20\" target=\"_blank\" rel=\"noopener\">Conjugue les verbes \u00ab\u00a0manger\u00a0\u00bb et \u00ab\u00a0dormir\u00a0\u00bb<\/a><\/p>\n<p><a href=\"https:\/\/learningapps.org\/display?v=pdd0ky52c18\" target=\"_blank\" rel=\"noopener\">Texte \u00e0 trous &#8211; verbes r\u00e9guliers et irr\u00e9guliers<\/a><\/p>\n<p><a href=\"https:\/\/learningapps.org\/display?v=pthptmb9c21\" target=\"_blank\" rel=\"noopener\">Texte \u00e0 trous &#8211; po\u00e8me de Rayond Queneau<\/a><\/p>\n<p><a href=\"https:\/\/learningapps.org\/display?v=pzf5x3xkn20\" target=\"_blank\" rel=\"noopener\">Texte \u00e0 trous &#8211; chanson de Claudio Cap\u00e9o<\/a><\/p>\n<p>&nbsp;<\/p>\n","protected":false},"excerpt":{"rendered":"<p>Pour commencer, tu peux visionner cette vid\u00e9o qui te rappelle comment conjuguer au futur simple. Tu peux maintenant t&rsquo;entra\u00eener avec les exercices suivants QCM &#8211; Jeu du millionnaire Conjugue les verbes \u00ab\u00a0manger\u00a0\u00bb et \u00ab\u00a0dormir\u00a0\u00bb Texte \u00e0 trous &#8211; verbes r\u00e9guliers et irr\u00e9guliers Texte \u00e0 trous &#8211; po\u00e8me de Rayond Queneau Texte \u00e0 trous &#8211; chanson &hellip; <\/p>\n<p class=\"link-more\"><a href=\"https:\/\/sites.ac-nancy-metz.fr\/upe2a-jules-ferry-woippy\/?page_id=983\" class=\"more-link\">Continuer la lecture<span class=\"screen-reader-text\"> de &laquo;&nbsp;Le futur simple&nbsp;&raquo;<\/span><\/a><\/p>\n","protected":false},"author":4,"featured_media":0,"parent":0,"menu_order":0,"comment_status":"closed","ping_status":"closed","template":"","meta":{"footnotes":""},"_links":{"self":[{"href":"https:\/\/sites.ac-nancy-metz.fr\/upe2a-jules-ferry-woippy\/index.php?rest_route=\/wp\/v2\/pages\/983"}],"collection":[{"href":"https:\/\/sites.ac-nancy-metz.fr\/upe2a-jules-ferry-woippy\/index.php?rest_route=\/wp\/v2\/pages"}],"about":[{"href":"https:\/\/sites.ac-nancy-metz.fr\/upe2a-jules-ferry-woippy\/index.php?rest_route=\/wp\/v2\/types\/page"}],"author":[{"embeddable":true,"href":"https:\/\/sites.ac-nancy-metz.fr\/upe2a-jules-ferry-woippy\/index.php?rest_route=\/wp\/v2\/users\/4"}],"replies":[{"embeddable":true,"href":"https:\/\/sites.ac-nancy-metz.fr\/upe2a-jules-ferry-woippy\/index.php?rest_route=%2Fwp%2Fv2%2Fcomments&post=983"}],"version-history":[{"count":1,"href":"https:\/\/sites.ac-nancy-metz.fr\/upe2a-jules-ferry-woippy\/index.php?rest_route=\/wp\/v2\/pages\/983\/revisions"}],"predecessor-version":[{"id":985,"href":"https:\/\/sites.ac-nancy-metz.fr\/upe2a-jules-ferry-woippy\/index.php?rest_route=\/wp\/v2\/pages\/983\/revisions\/985"}],"wp:attachment":[{"href":"https:\/\/sites.ac-nancy-metz.fr\/upe2a-jules-ferry-woippy\/index.php?rest_route=%2Fwp%2Fv2%2Fmedia&parent=983"}],"curies":[{"name":"wp","href":"https:\/\/api.w.org\/{rel}","templated":true}]}}