{"id":990,"date":"2022-04-13T15:57:44","date_gmt":"2022-04-13T13:57:44","guid":{"rendered":"https:\/\/sites.ac-nancy-metz.fr\/upe2a-jules-ferry-woippy\/?page_id=990"},"modified":"2023-08-23T16:23:16","modified_gmt":"2023-08-23T14:23:16","slug":"les-elections-presidentielles","status":"publish","type":"page","link":"https:\/\/sites.ac-nancy-metz.fr\/upe2a-jules-ferry-woippy\/?page_id=990","title":{"rendered":"Les \u00e9lections pr\u00e9sidentielles"},"content":{"rendered":"<p>En 2022, les fran\u00e7ais votent pour \u00e9lire le nouveau Pr\u00e9sident de la R\u00e9publique.<br \/>\nVoici quelques vid\u00e9os <strong>\u00ab\u00a0Un jour, une question\u00a0\u00bb<\/strong> qui pr\u00e9sentent diff\u00e9rents \u00e9l\u00e9ments des \u00e9lections pr\u00e9sidentielles.<\/p>\n<p><a href=\"https:\/\/www.youtube.com\/watch?v=lh7RgNwUY1A\" target=\"_blank\" rel=\"noopener\">Comment fait-on pour \u00eatre candidat aux \u00e9lections pr\u00e9sidentielles ?<\/a><\/p>\n<p><a href=\"https:\/\/www.youtube.com\/watch?v=bYRXHkydY7E\" target=\"_blank\" rel=\"noopener\">Comment \u00e7a marche la campagne pr\u00e9sidentielle ?<\/a><\/p>\n<p><a href=\"https:\/\/www.youtube.com\/watch?v=bFni39BhfkY\" target=\"_blank\" rel=\"noopener\">Comment \u00e7a se passe le vote ?<\/a><\/p>\n<p><a href=\"https:\/\/www.youtube.com\/watch?v=eubfMZ0K4mw\" target=\"_blank\" rel=\"noopener\">Depuis quand les femmes ont-elles le droit de voter ?<\/a><\/p>\n<p><a href=\"https:\/\/www.youtube.com\/watch?v=IAKlP-bJXWg\" target=\"_blank\" rel=\"noopener\">C&rsquo;est quoi les pouvoir du Pr\u00e9sident de la R\u00e9publique fran\u00e7aise ?<\/a><\/p>\n<p><a href=\"https:\/\/www.youtube.com\/watch?v=BHmy_6WY-CY\" target=\"_blank\" rel=\"noopener\">A quoi \u00e7a sert un Pr\u00e9sident de la R\u00e9publique ?<\/a><\/p>\n<p><a href=\"https:\/\/www.youtube.com\/watch?v=UowvVWjVDe4\" target=\"_blank\" rel=\"noopener\">C&rsquo;est quoi la politique ?<\/a><\/p>\n<p><a href=\"https:\/\/www.youtube.com\/watch?v=JodgpXo6uRQ\" target=\"_blank\" rel=\"noopener\">A quoi sert le Premier Ministre ?<\/a><\/p>\n<p><a href=\"https:\/\/www.youtube.com\/watch?v=eyFaOW7mswo\" target=\"_blank\" rel=\"noopener\">Quelle diff\u00e9rence y a-t-il entre la droite et la gauche ?<\/a><\/p>\n","protected":false},"excerpt":{"rendered":"<p>En 2022, les fran\u00e7ais votent pour \u00e9lire le nouveau Pr\u00e9sident de la R\u00e9publique. Voici quelques vid\u00e9os \u00ab\u00a0Un jour, une question\u00a0\u00bb qui pr\u00e9sentent diff\u00e9rents \u00e9l\u00e9ments des \u00e9lections pr\u00e9sidentielles. Comment fait-on pour \u00eatre candidat aux \u00e9lections pr\u00e9sidentielles ? Comment \u00e7a marche la campagne pr\u00e9sidentielle ? Comment \u00e7a se passe le vote ? Depuis quand les femmes ont-elles &hellip; <\/p>\n<p class=\"link-more\"><a href=\"https:\/\/sites.ac-nancy-metz.fr\/upe2a-jules-ferry-woippy\/?page_id=990\" class=\"more-link\">Continuer la lecture<span class=\"screen-reader-text\"> de &laquo;&nbsp;Les \u00e9lections pr\u00e9sidentielles&nbsp;&raquo;<\/span><\/a><\/p>\n","protected":false},"author":4,"featured_media":0,"parent":0,"menu_order":0,"comment_status":"closed","ping_status":"closed","template":"","meta":{"footnotes":""},"_links":{"self":[{"href":"https:\/\/sites.ac-nancy-metz.fr\/upe2a-jules-ferry-woippy\/index.php?rest_route=\/wp\/v2\/pages\/990"}],"collection":[{"href":"https:\/\/sites.ac-nancy-metz.fr\/upe2a-jules-ferry-woippy\/index.php?rest_route=\/wp\/v2\/pages"}],"about":[{"href":"https:\/\/sites.ac-nancy-metz.fr\/upe2a-jules-ferry-woippy\/index.php?rest_route=\/wp\/v2\/types\/page"}],"author":[{"embeddable":true,"href":"https:\/\/sites.ac-nancy-metz.fr\/upe2a-jules-ferry-woippy\/index.php?rest_route=\/wp\/v2\/users\/4"}],"replies":[{"embeddable":true,"href":"https:\/\/sites.ac-nancy-metz.fr\/upe2a-jules-ferry-woippy\/index.php?rest_route=%2Fwp%2Fv2%2Fcomments&post=990"}],"version-history":[{"count":2,"href":"https:\/\/sites.ac-nancy-metz.fr\/upe2a-jules-ferry-woippy\/index.php?rest_route=\/wp\/v2\/pages\/990\/revisions"}],"predecessor-version":[{"id":1147,"href":"https:\/\/sites.ac-nancy-metz.fr\/upe2a-jules-ferry-woippy\/index.php?rest_route=\/wp\/v2\/pages\/990\/revisions\/1147"}],"wp:attachment":[{"href":"https:\/\/sites.ac-nancy-metz.fr\/upe2a-jules-ferry-woippy\/index.php?rest_route=%2Fwp%2Fv2%2Fmedia&parent=990"}],"curies":[{"name":"wp","href":"https:\/\/api.w.org\/{rel}","templated":true}]}}