{"id":997,"date":"2022-04-27T09:19:16","date_gmt":"2022-04-27T07:19:16","guid":{"rendered":"https:\/\/sites.ac-nancy-metz.fr\/upe2a-jules-ferry-woippy\/?page_id=997"},"modified":"2023-11-01T14:57:25","modified_gmt":"2023-11-01T13:57:25","slug":"les-emotions-les-sensations","status":"publish","type":"page","link":"https:\/\/sites.ac-nancy-metz.fr\/upe2a-jules-ferry-woippy\/?page_id=997","title":{"rendered":"Les \u00e9motions, les sensations"},"content":{"rendered":"<h2>Voici des liens pour r\u00e9viser le vocabulaire des \u00e9motions et des sensations<\/h2>\n<p>&nbsp;<\/p>\n<p><a href=\"https:\/\/learningapps.org\/display?v=pkw3b1sw322\" target=\"_blank\" rel=\"noopener\">Associer image et mot (adjectif)<\/a><\/p>\n<p><a href=\"https:\/\/learningapps.org\/display?v=pu5oxosma23\" target=\"_blank\" rel=\"noopener\">Associer image et phrase<\/a><\/p>\n<p><a href=\"https:\/\/learningapps.org\/display?v=pn2q3bq0t22\" target=\"_blank\" rel=\"noopener\">Associer smiley et phrase<\/a><\/p>\n<p><a href=\"https:\/\/learningapps.org\/display?v=pmsjdriaj23\" target=\"_blank\" rel=\"noopener\">QCM &#8211; choisir la bonne r\u00e9ponse<\/a><\/p>\n<p><a href=\"https:\/\/learningapps.org\/display?v=pa38f06rj19\" target=\"_blank\" rel=\"noopener\">Masculin ou f\u00e9minin des adjectifs ?<\/a><\/p>\n<p><a href=\"https:\/\/learningapps.org\/display?v=pwccyfywj22\" target=\"_blank\" rel=\"noopener\">Associer adjectifs qualificatifs aux diff\u00e9rentes \u00e9motions (A2-B1)<\/a><\/p>\n","protected":false},"excerpt":{"rendered":"<p>Voici des liens pour r\u00e9viser le vocabulaire des \u00e9motions et des sensations &nbsp; Associer image et mot (adjectif) Associer image et phrase Associer smiley et phrase QCM &#8211; choisir la bonne r\u00e9ponse Masculin ou f\u00e9minin des adjectifs ? Associer adjectifs qualificatifs aux diff\u00e9rentes \u00e9motions (A2-B1)<\/p>\n","protected":false},"author":4,"featured_media":0,"parent":0,"menu_order":0,"comment_status":"closed","ping_status":"closed","template":"","meta":{"footnotes":""},"_links":{"self":[{"href":"https:\/\/sites.ac-nancy-metz.fr\/upe2a-jules-ferry-woippy\/index.php?rest_route=\/wp\/v2\/pages\/997"}],"collection":[{"href":"https:\/\/sites.ac-nancy-metz.fr\/upe2a-jules-ferry-woippy\/index.php?rest_route=\/wp\/v2\/pages"}],"about":[{"href":"https:\/\/sites.ac-nancy-metz.fr\/upe2a-jules-ferry-woippy\/index.php?rest_route=\/wp\/v2\/types\/page"}],"author":[{"embeddable":true,"href":"https:\/\/sites.ac-nancy-metz.fr\/upe2a-jules-ferry-woippy\/index.php?rest_route=\/wp\/v2\/users\/4"}],"replies":[{"embeddable":true,"href":"https:\/\/sites.ac-nancy-metz.fr\/upe2a-jules-ferry-woippy\/index.php?rest_route=%2Fwp%2Fv2%2Fcomments&post=997"}],"version-history":[{"count":3,"href":"https:\/\/sites.ac-nancy-metz.fr\/upe2a-jules-ferry-woippy\/index.php?rest_route=\/wp\/v2\/pages\/997\/revisions"}],"predecessor-version":[{"id":1185,"href":"https:\/\/sites.ac-nancy-metz.fr\/upe2a-jules-ferry-woippy\/index.php?rest_route=\/wp\/v2\/pages\/997\/revisions\/1185"}],"wp:attachment":[{"href":"https:\/\/sites.ac-nancy-metz.fr\/upe2a-jules-ferry-woippy\/index.php?rest_route=%2Fwp%2Fv2%2Fmedia&parent=997"}],"curies":[{"name":"wp","href":"https:\/\/api.w.org\/{rel}","templated":true}]}}